{"id":861,"date":"2026-01-04T06:01:32","date_gmt":"2026-01-04T06:01:32","guid":{"rendered":"https:\/\/thedishhead.com\/?post_type=product&#038;p=861"},"modified":"2026-01-04T06:01:32","modified_gmt":"2026-01-04T06:01:32","slug":"high-quality-low-priced-steel-flat-bottom-head-for-tanks","status":"publish","type":"product","link":"https:\/\/thedishhead.com\/es\/high-quality-low-priced-steel-flat-bottom-head-for-tanks\/","title":{"rendered":"Cabezal de fondo plano de acero de alta calidad y bajo precio para dep\u00f3sitos"},"content":{"rendered":"<p>Nuestro cabezal de fondo plano de acero de alta calidad y bajo precio para dep\u00f3sitos es una soluci\u00f3n rentable para la fabricaci\u00f3n de dep\u00f3sitos, recipientes de almacenamiento y equipos industriales que requieren un cierre o base de fondo plano resistente. Fabricado con conformado controlado y estrictas comprobaciones dimensionales, proporciona un soporte de carga estable, un ajuste preciso y un rendimiento de soldadura uniforme. Ofrecemos opciones de materiales que incluyen acero al carbono y acero inoxidable para adaptarse a diferentes condiciones de trabajo, desde el almacenamiento general hasta entornos propensos a la corrosi\u00f3n. Se puede personalizar el di\u00e1metro, el grosor, la preparaci\u00f3n del borde (bisel\/liso) y el tratamiento de la superficie, como imprimaci\u00f3n o revestimiento antioxidante. El dise\u00f1o de fondo plano simplifica la instalaci\u00f3n y se utiliza ampliamente en el tratamiento de aguas, almacenamiento de productos qu\u00edmicos, energ\u00eda, procesamiento de alimentos y fabricaci\u00f3n general. Con un control de calidad fiable y un precio de f\u00e1brica competitivo, nuestros cabezales de fondo plano ayudan a reducir el coste total del proyecto al tiempo que mantienen la durabilidad, la integridad del sellado y una larga vida \u00fatil.<\/p>","protected":false},"excerpt":{"rendered":"<p>Cabezales de fondo plano de acero de alta calidad y bajo precio para tanques y dep\u00f3sitos. Formados con precisi\u00f3n para un soporte fuerte, un sellado fiable y una soldadura f\u00e1cil. Disponibles en acero al carbono o acero inoxidable con di\u00e1metros, espesores y bordes biselados personalizados para adaptarse a proyectos de fabricaci\u00f3n industrial y OEM. Nuestro cabezal de fondo plano de acero de alta calidad y bajo precio para tanques es una soluci\u00f3n rentable para la fabricaci\u00f3n de tanques, recipientes de almacenamiento y equipos industriales que requieren un cierre o base de fondo plano resistente. Fabricado con conformado controlado y estrictas comprobaciones dimensionales, proporciona un soporte de carga estable, un ajuste preciso y un rendimiento de soldadura uniforme. Ofrecemos opciones de materiales que incluyen acero al carbono y acero inoxidable para adaptarse a diferentes condiciones de trabajo, desde el almacenamiento general hasta entornos propensos a la corrosi\u00f3n. Se puede personalizar el di\u00e1metro, el grosor, la preparaci\u00f3n del borde (bisel\/liso) y el tratamiento de la superficie, como imprimaci\u00f3n o revestimiento antioxidante. El dise\u00f1o de fondo plano simplifica la instalaci\u00f3n y se utiliza ampliamente en el tratamiento de aguas, almacenamiento de productos qu\u00edmicos, energ\u00eda, procesamiento de alimentos y fabricaci\u00f3n general. Con un control de calidad fiable y un precio de f\u00e1brica competitivo, nuestros cabezales de fondo plano ayudan a reducir el coste total del proyecto al tiempo que mantienen la durabilidad, la integridad del sellado y una larga vida \u00fatil.<\/p>","protected":false},"featured_media":699,"template":"","meta":{"_gspb_post_css":""},"product_brand":[],"product_cat":[19],"product_tag":[178,176,177],"class_list":{"0":"post-861","1":"product","2":"type-product","3":"status-publish","4":"has-post-thumbnail","6":"product_cat-flat-dish-head","7":"product_tag-low-cost-vessel-components","8":"product_tag-steel-flat-bottom-heads","9":"product_tag-tank-end-caps","11":"first","12":"instock","13":"shipping-taxable","14":"product-type-simple"},"_links":{"self":[{"href":"https:\/\/thedishhead.com\/es\/wp-json\/wp\/v2\/product\/861","targetHints":{"allow":["GET"]}}],"collection":[{"href":"https:\/\/thedishhead.com\/es\/wp-json\/wp\/v2\/product"}],"about":[{"href":"https:\/\/thedishhead.com\/es\/wp-json\/wp\/v2\/types\/product"}],"wp:featuredmedia":[{"embeddable":true,"href":"https:\/\/thedishhead.com\/es\/wp-json\/wp\/v2\/media\/699"}],"wp:attachment":[{"href":"https:\/\/thedishhead.com\/es\/wp-json\/wp\/v2\/media?parent=861"}],"wp:term":[{"taxonomy":"product_brand","embeddable":true,"href":"https:\/\/thedishhead.com\/es\/wp-json\/wp\/v2\/product_brand?post=861"},{"taxonomy":"product_cat","embeddable":true,"href":"https:\/\/thedishhead.com\/es\/wp-json\/wp\/v2\/product_cat?post=861"},{"taxonomy":"product_tag","embeddable":true,"href":"https:\/\/thedishhead.com\/es\/wp-json\/wp\/v2\/product_tag?post=861"}],"curies":[{"name":"wp","href":"https:\/\/api.w.org\/{rel}","templated":true}]}}