{"id":593,"date":"2026-01-04T04:27:21","date_gmt":"2026-01-04T04:27:21","guid":{"rendered":"https:\/\/thedishhead.com\/?post_type=product&#038;p=593"},"modified":"2026-01-05T07:37:18","modified_gmt":"2026-01-05T07:37:18","slug":"stainless-steel-hemispherical-dished-head-end-cap-for-tanks","status":"publish","type":"product","link":"https:\/\/thedishhead.com\/es\/stainless-steel-hemispherical-dished-head-end-cap-for-tanks\/","title":{"rendered":"Tap\u00f3n de acero inoxidable con cabeza semiesf\u00e9rica abombada para dep\u00f3sitos"},"content":{"rendered":"<p>Nuestra tapa de acero inoxidable con cabeza semiesf\u00e9rica para dep\u00f3sitos est\u00e1 dise\u00f1ada para ofrecer una gran resistencia, un sellado fiable y una larga vida \u00fatil en dep\u00f3sitos de agua, recipientes a presi\u00f3n y equipos de proceso. El perfil semiesf\u00e9rico ofrece una excelente resistencia a la presi\u00f3n mediante la distribuci\u00f3n uniforme de la tensi\u00f3n, por lo que es ideal para aplicaciones exigentes en las que la seguridad y la durabilidad son importantes. Fabricado en acero inoxidable de primera calidad (normalmente 304\/316), ofrece una excelente resistencia a la corrosi\u00f3n para entornos h\u00famedos o agresivos, como el agua potable y el procesamiento industrial. Cada cabezal abombado se forma con un control preciso para garantizar unas dimensiones exactas, superficies lisas y una curvatura uniforme para facilitar el ajuste y la soldadura de alta calidad. Podemos personalizar el di\u00e1metro, el grosor, la preparaci\u00f3n de los bordes (bisel\/liso) y el acabado superficial para adaptarnos a las distintas normas y requisitos de los proyectos. Esta tapa semiesf\u00e9rica, muy utilizada en las industrias de tratamiento de aguas, alimentaria, qu\u00edmica y energ\u00e9tica, ofrece un rendimiento fiable y una fabricaci\u00f3n rentable.<\/p>","protected":false},"excerpt":{"rendered":"<p>Los tapones de cabeza semiesf\u00e9rica abombada de acero inoxidable proporcionan cierres resistentes y preparados para la presi\u00f3n en dep\u00f3sitos y recipientes de agua. Gracias a su excelente resistencia a la corrosi\u00f3n y a su suave conformaci\u00f3n, garantizan un cierre fiable y una f\u00e1cil soldadura. Est\u00e1n disponibles en di\u00e1metros, espesores y biseles de borde personalizados para las necesidades de fabricaci\u00f3n.<\/p>","protected":false},"featured_media":1004,"template":"","meta":{"_gspb_post_css":""},"product_brand":[],"product_cat":[20],"product_tag":[140,141,142],"class_list":{"0":"post-593","1":"product","2":"type-product","3":"status-publish","4":"has-post-thumbnail","6":"product_cat-hemispherical-head","7":"product_tag-stainless-steel-hemispherical-heads","8":"product_tag-tank-dished-head-end-caps","9":"product_tag-water-tank-pressure-components","11":"first","12":"instock","13":"shipping-taxable","14":"product-type-simple"},"_links":{"self":[{"href":"https:\/\/thedishhead.com\/es\/wp-json\/wp\/v2\/product\/593","targetHints":{"allow":["GET"]}}],"collection":[{"href":"https:\/\/thedishhead.com\/es\/wp-json\/wp\/v2\/product"}],"about":[{"href":"https:\/\/thedishhead.com\/es\/wp-json\/wp\/v2\/types\/product"}],"wp:featuredmedia":[{"embeddable":true,"href":"https:\/\/thedishhead.com\/es\/wp-json\/wp\/v2\/media\/1004"}],"wp:attachment":[{"href":"https:\/\/thedishhead.com\/es\/wp-json\/wp\/v2\/media?parent=593"}],"wp:term":[{"taxonomy":"product_brand","embeddable":true,"href":"https:\/\/thedishhead.com\/es\/wp-json\/wp\/v2\/product_brand?post=593"},{"taxonomy":"product_cat","embeddable":true,"href":"https:\/\/thedishhead.com\/es\/wp-json\/wp\/v2\/product_cat?post=593"},{"taxonomy":"product_tag","embeddable":true,"href":"https:\/\/thedishhead.com\/es\/wp-json\/wp\/v2\/product_tag?post=593"}],"curies":[{"name":"wp","href":"https:\/\/api.w.org\/{rel}","templated":true}]}}