{"id":437,"date":"2026-01-04T07:58:25","date_gmt":"2026-01-04T07:58:25","guid":{"rendered":"https:\/\/thedishhead.com\/?post_type=product&#038;p=437"},"modified":"2026-01-04T07:58:25","modified_gmt":"2026-01-04T07:58:25","slug":"high-quality-metal-crown-heads-for-industrial-use","status":"publish","type":"product","link":"https:\/\/thedishhead.com\/es\/high-quality-metal-crown-heads-for-industrial-use\/","title":{"rendered":"Cabezas de corona met\u00e1licas de alta calidad para uso industrial"},"content":{"rendered":"<p>Nuestros cabezales corona met\u00e1licos de alta calidad para uso industrial est\u00e1n dise\u00f1ados para proporcionar cierres finales duraderos para tanques, recipientes a presi\u00f3n y equipos de proceso. Los cabezales de corona est\u00e1n formados con una curvatura controlada para mejorar la distribuci\u00f3n de tensiones y la resistencia estructural, ayudando a que los equipos funcionen de forma segura en condiciones exigentes. Fabricados en acero al carbono o acero inoxidable de primera calidad, estos cabezales ofrecen una excelente soldabilidad, precisi\u00f3n dimensional y un rendimiento estable para una larga vida \u00fatil. Fabricamos los cabezales de corona con un estricto control de calidad, garantizando superficies lisas, un conformado uniforme y un ajuste preciso para reducir el tiempo de fabricaci\u00f3n y mejorar la fiabilidad de la soldadura. Se puede personalizar el di\u00e1metro, el grosor, la preparaci\u00f3n del borde (bisel\/liso) y el tratamiento de la superficie, como imprimaci\u00f3n, pintura o pulido. Nuestros cabezales corona met\u00e1licos, que se utilizan habitualmente en el procesamiento qu\u00edmico, la energ\u00eda, el tratamiento de aguas, los equipos alimentarios y la fabricaci\u00f3n industrial en general, ofrecen una soluci\u00f3n rentable y de alta resistencia para una amplia gama de proyectos de recipientes y dep\u00f3sitos.<\/p>","protected":false},"excerpt":{"rendered":"<p>Cabezas de corona met\u00e1licas de alta calidad para uso industrial, formadas con precisi\u00f3n para ofrecer resistencia y un sellado fiable en dep\u00f3sitos y recipientes a presi\u00f3n. Disponibles en acero al carbono o acero inoxidable con superficies lisas y dimensiones precisas. Las opciones personalizadas de di\u00e1metro, grosor y biselado del borde facilitan la soldadura y la fabricaci\u00f3n.<\/p>","protected":false},"featured_media":544,"template":"","meta":{"_gspb_post_css":""},"product_brand":[],"product_cat":[17],"product_tag":[],"class_list":{"0":"post-437","1":"product","2":"type-product","3":"status-publish","4":"has-post-thumbnail","6":"product_cat-torispherical-head","8":"first","9":"instock","10":"shipping-taxable","11":"product-type-simple"},"_links":{"self":[{"href":"https:\/\/thedishhead.com\/es\/wp-json\/wp\/v2\/product\/437","targetHints":{"allow":["GET"]}}],"collection":[{"href":"https:\/\/thedishhead.com\/es\/wp-json\/wp\/v2\/product"}],"about":[{"href":"https:\/\/thedishhead.com\/es\/wp-json\/wp\/v2\/types\/product"}],"wp:featuredmedia":[{"embeddable":true,"href":"https:\/\/thedishhead.com\/es\/wp-json\/wp\/v2\/media\/544"}],"wp:attachment":[{"href":"https:\/\/thedishhead.com\/es\/wp-json\/wp\/v2\/media?parent=437"}],"wp:term":[{"taxonomy":"product_brand","embeddable":true,"href":"https:\/\/thedishhead.com\/es\/wp-json\/wp\/v2\/product_brand?post=437"},{"taxonomy":"product_cat","embeddable":true,"href":"https:\/\/thedishhead.com\/es\/wp-json\/wp\/v2\/product_cat?post=437"},{"taxonomy":"product_tag","embeddable":true,"href":"https:\/\/thedishhead.com\/es\/wp-json\/wp\/v2\/product_tag?post=437"}],"curies":[{"name":"wp","href":"https:\/\/api.w.org\/{rel}","templated":true}]}}