{"id":1519,"date":"2026-01-21T06:29:50","date_gmt":"2026-01-21T06:29:50","guid":{"rendered":"https:\/\/thedishhead.com\/?post_type=product&#038;p=1519"},"modified":"2026-01-21T06:29:50","modified_gmt":"2026-01-21T06:29:50","slug":"custom-stainless-steel-hemispherical-head-manufacturer","status":"publish","type":"product","link":"https:\/\/thedishhead.com\/es\/custom-stainless-steel-hemispherical-head-manufacturer\/","title":{"rendered":"Fabricante de cabezales hemisf\u00e9ricos de acero inoxidable a medida"},"content":{"rendered":"<p>Cabezal semiesf\u00e9rico ASME para recipientes a presi\u00f3n, conformado con precisi\u00f3n para un esfuerzo uniforme y un rendimiento a alta presi\u00f3n. Disponible en acero inoxidable y acero al carbono con di\u00e1metro, espesor y bisel de borde personalizados. Ideal para dep\u00f3sitos, reactores, intercambiadores de calor y extremos de calderas de la Secci\u00f3n VIII de ASME.<\/p>","protected":false},"excerpt":{"rendered":"<p>Cabezales semiesf\u00e9ricos ASME de precisi\u00f3n para recipientes de la Secci\u00f3n VIII: tama\u00f1os, materiales y espesores personalizados para dep\u00f3sitos, reactores y calderas.<\/p>","protected":false},"featured_media":1510,"template":"","meta":{"_gspb_post_css":""},"product_brand":[],"product_cat":[401],"product_tag":[404,105,249],"class_list":{"0":"post-1519","1":"product","2":"type-product","3":"status-publish","4":"has-post-thumbnail","6":"product_cat-dish-end","7":"product_tag-asme-hemispherical-head","8":"product_tag-custom-tank-heads","9":"product_tag-pressure-vessel-end-cap","11":"first","12":"instock","13":"shipping-taxable","14":"product-type-simple"},"_links":{"self":[{"href":"https:\/\/thedishhead.com\/es\/wp-json\/wp\/v2\/product\/1519","targetHints":{"allow":["GET"]}}],"collection":[{"href":"https:\/\/thedishhead.com\/es\/wp-json\/wp\/v2\/product"}],"about":[{"href":"https:\/\/thedishhead.com\/es\/wp-json\/wp\/v2\/types\/product"}],"wp:featuredmedia":[{"embeddable":true,"href":"https:\/\/thedishhead.com\/es\/wp-json\/wp\/v2\/media\/1510"}],"wp:attachment":[{"href":"https:\/\/thedishhead.com\/es\/wp-json\/wp\/v2\/media?parent=1519"}],"wp:term":[{"taxonomy":"product_brand","embeddable":true,"href":"https:\/\/thedishhead.com\/es\/wp-json\/wp\/v2\/product_brand?post=1519"},{"taxonomy":"product_cat","embeddable":true,"href":"https:\/\/thedishhead.com\/es\/wp-json\/wp\/v2\/product_cat?post=1519"},{"taxonomy":"product_tag","embeddable":true,"href":"https:\/\/thedishhead.com\/es\/wp-json\/wp\/v2\/product_tag?post=1519"}],"curies":[{"name":"wp","href":"https:\/\/api.w.org\/{rel}","templated":true}]}}