{"id":1515,"date":"2026-01-20T07:55:40","date_gmt":"2026-01-20T07:55:40","guid":{"rendered":"https:\/\/thedishhead.com\/?post_type=product&#038;p=1515"},"modified":"2026-01-20T07:55:41","modified_gmt":"2026-01-20T07:55:41","slug":"asme-hemispherical-head-for-pressure-vessels","status":"publish","type":"product","link":"https:\/\/thedishhead.com\/es\/asme-hemispherical-head-for-pressure-vessels\/","title":{"rendered":"Cabezal hemisf\u00e9rico ASME para recipientes a presi\u00f3n"},"content":{"rendered":"<p>Cabezal semiesf\u00e9rico ASME para recipientes a presi\u00f3n, formado para servicio de alta resistencia con curvatura suave y verdadera para una distribuci\u00f3n uniforme de la tensi\u00f3n. Disponible en acero al carbono o acero inoxidable, OD\/ID, espesor y preparaci\u00f3n de bordes personalizables. Adecuado para calderas, tanques de almacenamiento, reactores y proyectos ASME Secci\u00f3n VIII.<\/p>","protected":false},"excerpt":{"rendered":"<p>Cabezal de recipiente semiesf\u00e9rico ASME con radio verdadero, alta resistencia y tama\u00f1os\/materiales personalizados para la fabricaci\u00f3n de recipientes a presi\u00f3n de la Secci\u00f3n VIII.<\/p>","protected":false},"featured_media":1514,"template":"","meta":{"_gspb_post_css":""},"product_brand":[],"product_cat":[401],"product_tag":[404,256,405],"class_list":{"0":"post-1515","1":"product","2":"type-product","3":"status-publish","4":"has-post-thumbnail","6":"product_cat-dish-end","7":"product_tag-asme-hemispherical-head","8":"product_tag-pressure-vessel-head","9":"product_tag-section-viii","11":"first","12":"instock","13":"shipping-taxable","14":"product-type-simple"},"_links":{"self":[{"href":"https:\/\/thedishhead.com\/es\/wp-json\/wp\/v2\/product\/1515","targetHints":{"allow":["GET"]}}],"collection":[{"href":"https:\/\/thedishhead.com\/es\/wp-json\/wp\/v2\/product"}],"about":[{"href":"https:\/\/thedishhead.com\/es\/wp-json\/wp\/v2\/types\/product"}],"wp:featuredmedia":[{"embeddable":true,"href":"https:\/\/thedishhead.com\/es\/wp-json\/wp\/v2\/media\/1514"}],"wp:attachment":[{"href":"https:\/\/thedishhead.com\/es\/wp-json\/wp\/v2\/media?parent=1515"}],"wp:term":[{"taxonomy":"product_brand","embeddable":true,"href":"https:\/\/thedishhead.com\/es\/wp-json\/wp\/v2\/product_brand?post=1515"},{"taxonomy":"product_cat","embeddable":true,"href":"https:\/\/thedishhead.com\/es\/wp-json\/wp\/v2\/product_cat?post=1515"},{"taxonomy":"product_tag","embeddable":true,"href":"https:\/\/thedishhead.com\/es\/wp-json\/wp\/v2\/product_tag?post=1515"}],"curies":[{"name":"wp","href":"https:\/\/api.w.org\/{rel}","templated":true}]}}