{"id":1508,"date":"2026-01-20T07:52:38","date_gmt":"2026-01-20T07:52:38","guid":{"rendered":"https:\/\/thedishhead.com\/?post_type=product&#038;p=1508"},"modified":"2026-01-20T07:52:38","modified_gmt":"2026-01-20T07:52:38","slug":"hemispherical-pressure-vessel-head-for-tank-ends","status":"publish","type":"product","link":"https:\/\/thedishhead.com\/es\/hemispherical-pressure-vessel-head-for-tank-ends\/","title":{"rendered":"Cabezal hemisf\u00e9rico de recipiente a presi\u00f3n para extremos de dep\u00f3sito"},"content":{"rendered":"<p>Hornillo multifuncional de exterior para calentar, asar a la parrilla y acampar. Construcci\u00f3n de acero duradero con una base estable y un recipiente ancho para una fuerte salida de calor. Util\u00edcelo como hoguera, barbacoa o estufa de calentamiento, ideal para patios, jardines y fiestas al aire libre.<\/p>","protected":false},"excerpt":{"rendered":"<p>Bater\u00eda de fuego multiuso para exteriores, para calentar y hacer barbacoas. Cuerpo de acero fuerte, base estable, gran calor-perfecto para patio, jard\u00edn, camping.<\/p>","protected":false},"featured_media":1509,"template":"","meta":{"_gspb_post_css":""},"product_brand":[],"product_cat":[401],"product_tag":[402,122,403],"class_list":{"0":"post-1508","1":"product","2":"type-product","3":"status-publish","4":"has-post-thumbnail","6":"product_cat-dish-end","7":"product_tag-bbq-stove","8":"product_tag-outdoor-fire-pit","9":"product_tag-patio-heater","11":"first","12":"instock","13":"shipping-taxable","14":"product-type-simple"},"_links":{"self":[{"href":"https:\/\/thedishhead.com\/es\/wp-json\/wp\/v2\/product\/1508","targetHints":{"allow":["GET"]}}],"collection":[{"href":"https:\/\/thedishhead.com\/es\/wp-json\/wp\/v2\/product"}],"about":[{"href":"https:\/\/thedishhead.com\/es\/wp-json\/wp\/v2\/types\/product"}],"wp:featuredmedia":[{"embeddable":true,"href":"https:\/\/thedishhead.com\/es\/wp-json\/wp\/v2\/media\/1509"}],"wp:attachment":[{"href":"https:\/\/thedishhead.com\/es\/wp-json\/wp\/v2\/media?parent=1508"}],"wp:term":[{"taxonomy":"product_brand","embeddable":true,"href":"https:\/\/thedishhead.com\/es\/wp-json\/wp\/v2\/product_brand?post=1508"},{"taxonomy":"product_cat","embeddable":true,"href":"https:\/\/thedishhead.com\/es\/wp-json\/wp\/v2\/product_cat?post=1508"},{"taxonomy":"product_tag","embeddable":true,"href":"https:\/\/thedishhead.com\/es\/wp-json\/wp\/v2\/product_tag?post=1508"}],"curies":[{"name":"wp","href":"https:\/\/api.w.org\/{rel}","templated":true}]}}