{"id":1531,"date":"2026-01-21T06:38:54","date_gmt":"2026-01-21T06:38:54","guid":{"rendered":"https:\/\/thedishhead.com\/?post_type=product&#038;p=1531"},"modified":"2026-01-21T06:38:54","modified_gmt":"2026-01-21T06:38:54","slug":"dished-ends-hemispherical-head-with-asme-standard","status":"publish","type":"product","link":"https:\/\/thedishhead.com\/de\/dished-ends-hemispherical-head-with-asme-standard\/","title":{"rendered":"Gew\u00f6lbte Enden Halbkugelkopf mit ASME-Norm"},"content":{"rendered":"<p>Halbkugelf\u00f6rmiger ASME-Kopf f\u00fcr Druckbeh\u00e4lter, geformt mit echtem Radius f\u00fcr hervorragende Druckleistung und saubere Passung. Kundenspezifischer Durchmesser, Dicke und Kantenvorbereitung verf\u00fcgbar. Zu den Materialien geh\u00f6ren Kohlenstoffstahl und Edelstahl. Verwendet f\u00fcr Tanks, Reaktoren, Kessel und W\u00e4rmetauscher nach ASME Abschnitt VIII.<\/p>","protected":false},"excerpt":{"rendered":"<p>ASME hemispherical heads with true radius and custom sizes\u2014ideal for Section VIII pressure vessels, tanks, reactors, boilers, and heat exchangers.<\/p>\n[video width=\"720\" height=\"1280\" mp4=\"https:\/\/thedishhead.com\/wp-content\/uploads\/2026\/01\/a9c5a2afaf251fa7601a97dc95510e7d.mp4\"][\/video]\n","protected":false},"featured_media":1511,"template":"","meta":{"_gspb_post_css":""},"product_brand":[],"product_cat":[401],"product_tag":[404,406,407],"class_list":{"0":"post-1531","1":"product","2":"type-product","3":"status-publish","4":"has-post-thumbnail","6":"product_cat-dish-end","7":"product_tag-asme-hemispherical-head","8":"product_tag-hemispherical-dished-end","9":"product_tag-pressure-vessel-fabrication","11":"first","12":"instock","13":"shipping-taxable","14":"product-type-simple"},"_links":{"self":[{"href":"https:\/\/thedishhead.com\/de\/wp-json\/wp\/v2\/product\/1531","targetHints":{"allow":["GET"]}}],"collection":[{"href":"https:\/\/thedishhead.com\/de\/wp-json\/wp\/v2\/product"}],"about":[{"href":"https:\/\/thedishhead.com\/de\/wp-json\/wp\/v2\/types\/product"}],"wp:featuredmedia":[{"embeddable":true,"href":"https:\/\/thedishhead.com\/de\/wp-json\/wp\/v2\/media\/1511"}],"wp:attachment":[{"href":"https:\/\/thedishhead.com\/de\/wp-json\/wp\/v2\/media?parent=1531"}],"wp:term":[{"taxonomy":"product_brand","embeddable":true,"href":"https:\/\/thedishhead.com\/de\/wp-json\/wp\/v2\/product_brand?post=1531"},{"taxonomy":"product_cat","embeddable":true,"href":"https:\/\/thedishhead.com\/de\/wp-json\/wp\/v2\/product_cat?post=1531"},{"taxonomy":"product_tag","embeddable":true,"href":"https:\/\/thedishhead.com\/de\/wp-json\/wp\/v2\/product_tag?post=1531"}],"curies":[{"name":"wp","href":"https:\/\/api.w.org\/{rel}","templated":true}]}}