{"id":1515,"date":"2026-01-20T07:55:40","date_gmt":"2026-01-20T07:55:40","guid":{"rendered":"https:\/\/thedishhead.com\/?post_type=product&#038;p=1515"},"modified":"2026-01-20T07:55:41","modified_gmt":"2026-01-20T07:55:41","slug":"asme-hemispherical-head-for-pressure-vessels","status":"publish","type":"product","link":"https:\/\/thedishhead.com\/de\/asme-hemispherical-head-for-pressure-vessels\/","title":{"rendered":"ASME Hemisph\u00e4rischer Kopf f\u00fcr Druckgef\u00e4\u00dfe"},"content":{"rendered":"<p>ASME halbkugelf\u00f6rmiger Kopf f\u00fcr Druckbeh\u00e4lter, geformt f\u00fcr hochfeste Anwendungen mit glatter, echter Kr\u00fcmmung f\u00fcr gleichm\u00e4\u00dfige Spannungsverteilung. Erh\u00e4ltlich in Kohlenstoffstahl oder Edelstahl, anpassbarer OD\/ID, Dicke und Kantenvorbereitung. Geeignet f\u00fcr Kessel, Lagertanks, Reaktoren und Projekte nach ASME Section VIII.<\/p>","protected":false},"excerpt":{"rendered":"<p>ASME halbkugelf\u00f6rmiger Beh\u00e4lterkopf mit echtem Radius, hoher Festigkeit und kundenspezifischen Gr\u00f6\u00dfen\/Materialien f\u00fcr die Herstellung von Druckbeh\u00e4ltern nach Abschnitt VIII.<\/p>","protected":false},"featured_media":1514,"template":"","meta":{"_gspb_post_css":""},"product_brand":[],"product_cat":[401],"product_tag":[404,256,405],"class_list":{"0":"post-1515","1":"product","2":"type-product","3":"status-publish","4":"has-post-thumbnail","6":"product_cat-dish-end","7":"product_tag-asme-hemispherical-head","8":"product_tag-pressure-vessel-head","9":"product_tag-section-viii","11":"first","12":"instock","13":"shipping-taxable","14":"product-type-simple"},"_links":{"self":[{"href":"https:\/\/thedishhead.com\/de\/wp-json\/wp\/v2\/product\/1515","targetHints":{"allow":["GET"]}}],"collection":[{"href":"https:\/\/thedishhead.com\/de\/wp-json\/wp\/v2\/product"}],"about":[{"href":"https:\/\/thedishhead.com\/de\/wp-json\/wp\/v2\/types\/product"}],"wp:featuredmedia":[{"embeddable":true,"href":"https:\/\/thedishhead.com\/de\/wp-json\/wp\/v2\/media\/1514"}],"wp:attachment":[{"href":"https:\/\/thedishhead.com\/de\/wp-json\/wp\/v2\/media?parent=1515"}],"wp:term":[{"taxonomy":"product_brand","embeddable":true,"href":"https:\/\/thedishhead.com\/de\/wp-json\/wp\/v2\/product_brand?post=1515"},{"taxonomy":"product_cat","embeddable":true,"href":"https:\/\/thedishhead.com\/de\/wp-json\/wp\/v2\/product_cat?post=1515"},{"taxonomy":"product_tag","embeddable":true,"href":"https:\/\/thedishhead.com\/de\/wp-json\/wp\/v2\/product_tag?post=1515"}],"curies":[{"name":"wp","href":"https:\/\/api.w.org\/{rel}","templated":true}]}}